{"id":9,"date":"2025-05-03T17:26:25","date_gmt":"2025-05-03T17:26:25","guid":{"rendered":"https:\/\/endlessingelsdesign.com\/?page_id=9"},"modified":"2025-05-04T19:57:09","modified_gmt":"2025-05-04T19:57:09","slug":"about","status":"publish","type":"page","link":"https:\/\/endlessingelsdesign.com\/index.php\/about\/","title":{"rendered":"O nama"},"content":{"rendered":"\t\t<div data-elementor-type=\"wp-page\" data-elementor-id=\"9\" class=\"elementor elementor-9\">\n\t\t\t\t<div class=\"elementor-element elementor-element-63fef0ae e-flex e-con-boxed e-con e-parent\" data-id=\"63fef0ae\" data-element_type=\"container\">\n\t\t\t\t\t<div class=\"e-con-inner\">\n\t\t\t\t<div class=\"elementor-element elementor-element-43e2edfe elementor-widget elementor-widget-text-editor\" data-id=\"43e2edfe\" data-element_type=\"widget\" data-widget_type=\"text-editor.default\">\n\t\t\t\t<div class=\"elementor-widget-container\">\n\t\t\t\t\t\t\t\t\t<h1 data-start=\"505\" data-end=\"549\"><strong data-start=\"505\" data-end=\"549\">VI\u0160E OD ESTETIKE, DIZAJNIRAMO DO\u017dIVLJAJ<\/strong><\/h1>\n<div><strong data-start=\"505\" data-end=\"549\">\u00a0<\/strong><\/div>\n<p>U <strong data-start=\"579\" data-end=\"604\">Endless Ingels Design<\/strong> timu spajamo umetnost, arhitekturu i strategiju u jedinstveno iskustvo. Na\u0161a re\u0161enja nisu samo lepa \u2014 ona su funkcionalna, inteligentna i prilago\u0111ena stvarnom \u017eivotu.<br data-start=\"771\" data-end=\"774\" \/>Od luksuznih enterijera do digitalnog identiteta, svaki na\u0161 projekat osmi\u0161ljen je tako da probudi ose\u0107aj pripadnosti i mira.<\/p>\n<h3 class=\"\" data-start=\"551\" data-end=\"576\">\u00a0<\/h3>\n<p><!-- \/wp:spacer --><!-- wp:columns {\"align\":\"wide\"} --><\/p>\n<div class=\"wp-block-columns alignwide\">\n<p><!-- wp:column --><\/p>\n<div class=\"wp-block-column\">\n<p><!-- wp:image {\"sizeSlug\":\"large\",\"linkDestination\":\"none\"} --><\/p>\n<figure class=\"wp-block-image size-large\"><img fetchpriority=\"high\" decoding=\"async\" class=\"alignnone size-medium wp-image-71\" src=\"https:\/\/endlessingelsdesign.com\/wp-content\/uploads\/2025\/05\/May-4-2025-08_36_51-PM-300x300.png\" alt=\"\" width=\"300\" height=\"300\" srcset=\"https:\/\/endlessingelsdesign.com\/wp-content\/uploads\/2025\/05\/May-4-2025-08_36_51-PM-300x300.png 300w, https:\/\/endlessingelsdesign.com\/wp-content\/uploads\/2025\/05\/May-4-2025-08_36_51-PM-150x150.png 150w, https:\/\/endlessingelsdesign.com\/wp-content\/uploads\/2025\/05\/May-4-2025-08_36_51-PM-600x600.png 600w, https:\/\/endlessingelsdesign.com\/wp-content\/uploads\/2025\/05\/May-4-2025-08_36_51-PM-800x800.png 800w, https:\/\/endlessingelsdesign.com\/wp-content\/uploads\/2025\/05\/May-4-2025-08_36_51-PM.png 1024w\" sizes=\"(max-width: 300px) 100vw, 300px\" \/><\/figure>\n<p><!-- \/wp:image --><!-- wp:paragraph {\"textColor\":\"black\",\"fontSize\":\"medium\"} --><\/p>\n<p><!-- \/wp:paragraph --><!-- wp:paragraph {\"style\":{\"color\":{\"text\":\"#7a7a7a\"}}} --><\/p>\n<p class=\"has-text-color\" style=\"color: #7a7a7a;\"><b>Na\u0161a misija<\/b><\/p>\n<p class=\"has-text-color\" style=\"color: #7a7a7a;\">Kreiramo prostore i\u00a0 \u00a0identitete koji pri\u010daju va\u0161u pri\u010du, pa\u017eljivo biraju\u0107i svaki detalj da podr\u017ei viziju i vrednosti va\u0161eg brenda.<\/p>\n<p><!-- \/wp:paragraph --><\/p>\n<\/div>\n<p><!-- \/wp:column --><!-- wp:column --><\/p>\n<div class=\"wp-block-column\">\n<p><!-- wp:image {\"sizeSlug\":\"large\",\"linkDestination\":\"none\"} --><\/p>\n<figure class=\"wp-block-image size-large\"><img decoding=\"async\" class=\"alignnone size-medium wp-image-72\" src=\"https:\/\/endlessingelsdesign.com\/wp-content\/uploads\/2025\/05\/nacin-razmisljanja-kvadrat-768x768-1-300x300.png\" alt=\"\" width=\"300\" height=\"300\" srcset=\"https:\/\/endlessingelsdesign.com\/wp-content\/uploads\/2025\/05\/nacin-razmisljanja-kvadrat-768x768-1-300x300.png 300w, https:\/\/endlessingelsdesign.com\/wp-content\/uploads\/2025\/05\/nacin-razmisljanja-kvadrat-768x768-1-150x150.png 150w, https:\/\/endlessingelsdesign.com\/wp-content\/uploads\/2025\/05\/nacin-razmisljanja-kvadrat-768x768-1.png 768w\" sizes=\"(max-width: 300px) 100vw, 300px\" \/><\/figure>\n<p><!-- \/wp:image --><!-- wp:paragraph {\"textColor\":\"black\",\"fontSize\":\"medium\"} --><\/p>\n<p><strong>Na\u010din razmi\u0161ljanja<\/strong><\/p>\n<p><!-- \/wp:paragraph --><!-- wp:paragraph {\"style\":{\"color\":{\"text\":\"#7a7a7a\"}}} --><\/p>\n<p class=\"has-text-color\" style=\"color: #7a7a7a;\">Spoj estetike,\u00a0 funkcionalnosti i emocije.<br \/>Na\u0161 proces temelji se na pa\u017eljivom slu\u0161anju i posve\u0107enosti svakom\u00a0 koraku. Stvaramo re\u0161enja\u00a0 \u00a0 za vas.<\/p>\n<p><!-- \/wp:paragraph --><\/p>\n<\/div>\n<p><!-- \/wp:column --><!-- wp:column --><\/p>\n<div class=\"wp-block-column\">\n<p><!-- wp:image {\"sizeSlug\":\"large\",\"linkDestination\":\"none\"} --><\/p>\n<figure class=\"wp-block-image size-large\"><img decoding=\"async\" class=\"alignnone size-medium wp-image-73\" src=\"https:\/\/endlessingelsdesign.com\/wp-content\/uploads\/2025\/05\/ChatGPT-Image-May-4-2025-09_07_24-PM-300x300.png\" alt=\"\" width=\"300\" height=\"300\" srcset=\"https:\/\/endlessingelsdesign.com\/wp-content\/uploads\/2025\/05\/ChatGPT-Image-May-4-2025-09_07_24-PM-300x300.png 300w, https:\/\/endlessingelsdesign.com\/wp-content\/uploads\/2025\/05\/ChatGPT-Image-May-4-2025-09_07_24-PM-150x150.png 150w, https:\/\/endlessingelsdesign.com\/wp-content\/uploads\/2025\/05\/ChatGPT-Image-May-4-2025-09_07_24-PM.png 1024w\" sizes=\"(max-width: 300px) 100vw, 300px\" \/><\/figure>\n<p><!-- \/wp:image --><!-- wp:paragraph {\"textColor\":\"black\",\"fontSize\":\"medium\"} --><\/p>\n<strong>Usluge koje nudimo<\/strong><br \/>\n<p><!-- \/wp:paragraph --><!-- wp:paragraph {\"style\":{\"color\":{\"text\":\"#7a7a7a\"}}} --><\/p>\n<p class=\"has-text-color\" style=\"color: #7a7a7a;\">Od ideje do realizacije.<br \/>Bavimo se strategijom, dizajnom, ure\u0111enjem enterijera i digitalnom prezentacijom. Svaka usluga je prilago\u0111ena da ostavi sna\u017ean i dugotrajan utisak.<\/p>\n<p><!-- \/wp:paragraph --><\/p>\n<\/div>\n<p><!-- \/wp:column --><\/p>\n<\/div>\n<p><!-- \/wp:columns --><!-- wp:heading {\"level\":3,\"style\":{\"typography\":{\"fontWeight\":\"300\"}},\"fontSize\":\"large\"} --><\/p>\n<div class=\"wp-block-cover alignfull\" style=\"min-height: 316px; padding: 50px;\">\n<div class=\"wp-block-cover__inner-container\">\n<div class=\"wp-block-columns are-vertically-aligned-center\">\n<div class=\"wp-block-column is-vertically-aligned-center\" style=\"padding: 20px 0px 20px 0px;\"><br \/>\n<div class=\"wp-block-group\">\n<p><!-- \/wp:image --><\/p>\n<\/div>\n<p><!-- \/wp:group --><\/p>\n<\/div>\n<p><!-- \/wp:column --><\/p>\n<\/div>\n<p><!-- \/wp:columns --><\/p>\n<\/div>\n<\/div>\n<p><!-- \/wp:cover --><\/p>\t\t\t\t\t\t\t\t<\/div>\n\t\t\t\t<\/div>\n\t\t\t\t\t<\/div>\n\t\t\t\t<\/div>\n\t\t<div class=\"elementor-element elementor-element-ee4152c e-flex e-con-boxed e-con e-parent\" data-id=\"ee4152c\" data-element_type=\"container\">\n\t\t\t\t\t<div class=\"e-con-inner\">\n\t\t\t\t<div class=\"elementor-element elementor-element-e445214 elementor-widget elementor-widget-html\" data-id=\"e445214\" data-element_type=\"widget\" data-widget_type=\"html.default\">\n\t\t\t\t<div class=\"elementor-widget-container\">\n\t\t\t\t\t<h3>Showreel<\/h3>\r\n<p>Od ideje do realizacije.  <\/p>\r\n\r\n<video width=\"768\" height=\"432\" controls>\r\n  <source src=\"https:\/\/endlessingelsdesign.com\/wp-content\/uploads\/2025\/05\/20250503_1914_Luxurious-Modern-Interior_simple_compose_01jtbj8rzke5vtk3ts3jn47dzt.mp4\" type=\"video\/mp4\">\r\n  Va\u0161 pregleda\u010d ne podr\u017eava video tag.\r\n<\/video>\r\n\r\n\t\t\t\t<\/div>\n\t\t\t\t<\/div>\n\t\t\t\t\t<\/div>\n\t\t\t\t<\/div>\n\t\t<div class=\"elementor-element elementor-element-eb66147 e-flex e-con-boxed e-con e-parent\" data-id=\"eb66147\" data-element_type=\"container\">\n\t\t\t\t\t<div class=\"e-con-inner\">\n\t\t\t\t\t<\/div>\n\t\t\t\t<\/div>\n\t\t\t\t<\/div>\n\t\t","protected":false},"excerpt":{"rendered":"<p>VI\u0160E OD ESTETIKE, DIZAJNIRAMO DO\u017dIVLJAJ \u00a0 U Endless Ingels Design timu spajamo umetnost, arhitekturu i strategiju u jedinstveno iskustvo. Na\u0161a re\u0161enja nisu samo lepa \u2014 ona su funkcionalna, inteligentna i prilago\u0111ena stvarnom \u017eivotu.Od luksuznih enterijera do digitalnog identiteta, svaki na\u0161 projekat osmi\u0161ljen je tako da probudi ose\u0107aj pripadnosti i mira. \u00a0 Na\u0161a misija Kreiramo prostore &hellip; <\/p>\n<p class=\"link-more\"><a href=\"https:\/\/endlessingelsdesign.com\/index.php\/about\/\" class=\"more-link\">Read more<span class=\"screen-reader-text\"> &#8220;O nama&#8221;<\/span><\/a><\/p>\n","protected":false},"author":1,"featured_media":51,"parent":0,"menu_order":0,"comment_status":"closed","ping_status":"closed","template":"","meta":{"footnotes":""},"class_list":["post-9","page","type-page","status-publish","has-post-thumbnail","hentry"],"featured_media_urls":{"thumbnail":["https:\/\/endlessingelsdesign.com\/wp-content\/uploads\/2025\/05\/cropped-Leonardo_Lightning_XL_A_highend_interior_design_concept_in_a_m_3-150x150.jpg",150,150,true],"medium":["https:\/\/endlessingelsdesign.com\/wp-content\/uploads\/2025\/05\/cropped-Leonardo_Lightning_XL_A_highend_interior_design_concept_in_a_m_3-300x180.jpg",300,180,true],"medium_large":["https:\/\/endlessingelsdesign.com\/wp-content\/uploads\/2025\/05\/cropped-Leonardo_Lightning_XL_A_highend_interior_design_concept_in_a_m_3.jpg",768,460,false],"large":["https:\/\/endlessingelsdesign.com\/wp-content\/uploads\/2025\/05\/cropped-Leonardo_Lightning_XL_A_highend_interior_design_concept_in_a_m_3-1024x613.jpg",950,569,true],"1536x1536":["https:\/\/endlessingelsdesign.com\/wp-content\/uploads\/2025\/05\/cropped-Leonardo_Lightning_XL_A_highend_interior_design_concept_in_a_m_3-1536x920.jpg",1536,920,true],"2048x2048":["https:\/\/endlessingelsdesign.com\/wp-content\/uploads\/2025\/05\/cropped-Leonardo_Lightning_XL_A_highend_interior_design_concept_in_a_m_3.jpg",2000,1198,false],"inspiro-featured-image":["https:\/\/endlessingelsdesign.com\/wp-content\/uploads\/2025\/05\/cropped-Leonardo_Lightning_XL_A_highend_interior_design_concept_in_a_m_3.jpg",2000,1198,false],"inspiro-loop":["https:\/\/endlessingelsdesign.com\/wp-content\/uploads\/2025\/05\/cropped-Leonardo_Lightning_XL_A_highend_interior_design_concept_in_a_m_3-950x320.jpg",950,320,true],"inspiro-loop@2x":["https:\/\/endlessingelsdesign.com\/wp-content\/uploads\/2025\/05\/cropped-Leonardo_Lightning_XL_A_highend_interior_design_concept_in_a_m_3-1900x640.jpg",1900,640,true],"portfolio_item-thumbnail":["https:\/\/endlessingelsdesign.com\/wp-content\/uploads\/2025\/05\/cropped-Leonardo_Lightning_XL_A_highend_interior_design_concept_in_a_m_3-600x400.jpg",600,400,true],"portfolio_item-thumbnail@2x":["https:\/\/endlessingelsdesign.com\/wp-content\/uploads\/2025\/05\/cropped-Leonardo_Lightning_XL_A_highend_interior_design_concept_in_a_m_3-1200x800.jpg",1200,800,true],"portfolio_item-masonry":["https:\/\/endlessingelsdesign.com\/wp-content\/uploads\/2025\/05\/cropped-Leonardo_Lightning_XL_A_highend_interior_design_concept_in_a_m_3-600x359.jpg",600,359,true],"portfolio_item-masonry@2x":["https:\/\/endlessingelsdesign.com\/wp-content\/uploads\/2025\/05\/cropped-Leonardo_Lightning_XL_A_highend_interior_design_concept_in_a_m_3-1200x719.jpg",1200,719,true],"portfolio_item-thumbnail_cinema":["https:\/\/endlessingelsdesign.com\/wp-content\/uploads\/2025\/05\/cropped-Leonardo_Lightning_XL_A_highend_interior_design_concept_in_a_m_3-800x335.jpg",800,335,true],"portfolio_item-thumbnail_portrait":["https:\/\/endlessingelsdesign.com\/wp-content\/uploads\/2025\/05\/cropped-Leonardo_Lightning_XL_A_highend_interior_design_concept_in_a_m_3-600x900.jpg",600,900,true],"portfolio_item-thumbnail_portrait@2x":["https:\/\/endlessingelsdesign.com\/wp-content\/uploads\/2025\/05\/cropped-Leonardo_Lightning_XL_A_highend_interior_design_concept_in_a_m_3-1200x1198.jpg",1200,1198,true],"portfolio_item-thumbnail_square":["https:\/\/endlessingelsdesign.com\/wp-content\/uploads\/2025\/05\/cropped-Leonardo_Lightning_XL_A_highend_interior_design_concept_in_a_m_3-800x800.jpg",800,800,true]},"_links":{"self":[{"href":"https:\/\/endlessingelsdesign.com\/index.php\/wp-json\/wp\/v2\/pages\/9","targetHints":{"allow":["GET"]}}],"collection":[{"href":"https:\/\/endlessingelsdesign.com\/index.php\/wp-json\/wp\/v2\/pages"}],"about":[{"href":"https:\/\/endlessingelsdesign.com\/index.php\/wp-json\/wp\/v2\/types\/page"}],"author":[{"embeddable":true,"href":"https:\/\/endlessingelsdesign.com\/index.php\/wp-json\/wp\/v2\/users\/1"}],"replies":[{"embeddable":true,"href":"https:\/\/endlessingelsdesign.com\/index.php\/wp-json\/wp\/v2\/comments?post=9"}],"version-history":[{"count":21,"href":"https:\/\/endlessingelsdesign.com\/index.php\/wp-json\/wp\/v2\/pages\/9\/revisions"}],"predecessor-version":[{"id":96,"href":"https:\/\/endlessingelsdesign.com\/index.php\/wp-json\/wp\/v2\/pages\/9\/revisions\/96"}],"wp:featuredmedia":[{"embeddable":true,"href":"https:\/\/endlessingelsdesign.com\/index.php\/wp-json\/wp\/v2\/media\/51"}],"wp:attachment":[{"href":"https:\/\/endlessingelsdesign.com\/index.php\/wp-json\/wp\/v2\/media?parent=9"}],"curies":[{"name":"wp","href":"https:\/\/api.w.org\/{rel}","templated":true}]}}